{"id":238,"date":"2017-07-02T20:12:02","date_gmt":"2017-07-02T18:12:02","guid":{"rendered":"https:\/\/www.emopunkrap.de\/shop\/?post_type=product&#038;p=238"},"modified":"2023-10-02T16:36:01","modified_gmt":"2023-10-02T14:36:01","slug":"der-offizielle-wm-song","status":"publish","type":"product","link":"https:\/\/www.emopunkrap.de\/shop\/produkt\/der-offizielle-wm-song\/","title":{"rendered":"Der offizielle WM Song 2022 (CD)"},"content":{"rendered":"<p>Die CD-Version des Hitgaranten &#8220;Paul V\u00f6ller Fu\u00dfballgott&#8221; hier zum einmaligen Aktionspreis von nur 17,99\u20ac!<\/p>\n<p>Und der absolute Kn\u00fcller: F\u00fcr jedes Tor unserer Nationalelf (hurra! hurra!) wird der Track um sagenhafte EINEN EURO TEURER!!!<\/p>\n<p>Na wenn das nichts ist! Da hei\u00dft es zuschlagen!<br \/>\nF\u00fcr Deutschland! F\u00fcr Fu\u00dfball!<\/p>\n<p>Zeig deine Zugeh\u00f6rigkeit zu Deutschland und Fu\u00dfball indem du die ORIGINAL OFFIZIELLE FUSSBALLHYMNE 2022 KAUFST! HURRA!<\/p>\n<p>(Die Anzahl der Tracks kann bei der Bestellung nach EIGENEN W\u00dcNSCHEN angepasst werden! Eine wahre SENSATION!!!!)<\/p>\n","protected":false},"excerpt":{"rendered":"<p>Die CD-Version des Hitgaranten &#8220;Paul V\u00f6ller Fu\u00dfballgott&#8221; hier zum einmaligen Aktionspreis von nur 17,99\u20ac! Und der absolute Kn\u00fcller: F\u00fcr jedes&hellip;<\/p>\n","protected":false},"featured_media":239,"comment_status":"open","ping_status":"closed","template":"","meta":{"_exactmetrics_skip_tracking":false,"_exactmetrics_sitenote_active":false,"_exactmetrics_sitenote_note":"","_exactmetrics_sitenote_category":0},"product_brand":[],"product_cat":[23,28],"product_tag":[],"class_list":{"0":"post-238","1":"product","2":"type-product","3":"status-publish","4":"has-post-thumbnail","6":"product_cat-private-paul","7":"product_cat-cds","9":"first","10":"instock","11":"taxable","12":"shipping-taxable","13":"purchasable","14":"product-type-simple"},"yoast_head":"<!-- This site is optimized with the Yoast SEO plugin v27.4 - https:\/\/yoast.com\/product\/yoast-seo-wordpress\/ -->\n<title>Der offizielle WM Song 2022 (CD) | EPR Shop<\/title>\n<meta name=\"robots\" content=\"index, follow, max-snippet:-1, max-image-preview:large, max-video-preview:-1\" \/>\n<link rel=\"canonical\" href=\"https:\/\/www.emopunkrap.de\/shop\/produkt\/der-offizielle-wm-song\/\" \/>\n<meta property=\"og:locale\" content=\"de_DE\" \/>\n<meta property=\"og:type\" content=\"article\" \/>\n<meta property=\"og:title\" content=\"Der offizielle WM Song 2022 (CD) | EPR Shop\" \/>\n<meta property=\"og:description\" content=\"Die CD-Version des Hitgaranten &#8220;Paul V\u00f6ller Fu\u00dfballgott&#8221; hier zum einmaligen Aktionspreis von nur 17,99\u20ac! Und der absolute Kn\u00fcller: F\u00fcr jedes&hellip;\" \/>\n<meta property=\"og:url\" content=\"https:\/\/www.emopunkrap.de\/shop\/produkt\/der-offizielle-wm-song\/\" \/>\n<meta property=\"og:site_name\" content=\"EPR Shop\" \/>\n<meta property=\"article:modified_time\" content=\"2023-10-02T14:36:01+00:00\" \/>\n<meta property=\"og:image\" content=\"https:\/\/www.emopunkrap.de\/shop\/inner\/wp-content\/uploads\/2017\/07\/20150302_0005121.jpg\" \/>\n\t<meta property=\"og:image:width\" content=\"980\" \/>\n\t<meta property=\"og:image:height\" content=\"551\" \/>\n\t<meta property=\"og:image:type\" content=\"image\/jpeg\" \/>\n<meta name=\"twitter:card\" content=\"summary_large_image\" \/>\n<meta name=\"twitter:label1\" content=\"Gesch\u00e4tzte Lesezeit\" \/>\n\t<meta name=\"twitter:data1\" content=\"1\u00a0Minute\" \/>\n<script type=\"application\/ld+json\" class=\"yoast-schema-graph\">{\"@context\":\"https:\\\/\\\/schema.org\",\"@graph\":[{\"@type\":\"WebPage\",\"@id\":\"https:\\\/\\\/www.emopunkrap.de\\\/shop\\\/produkt\\\/der-offizielle-wm-song\\\/\",\"url\":\"https:\\\/\\\/www.emopunkrap.de\\\/shop\\\/produkt\\\/der-offizielle-wm-song\\\/\",\"name\":\"Der offizielle WM Song 2022 (CD) | EPR Shop\",\"isPartOf\":{\"@id\":\"https:\\\/\\\/www.emopunkrap.de\\\/shop\\\/#website\"},\"primaryImageOfPage\":{\"@id\":\"https:\\\/\\\/www.emopunkrap.de\\\/shop\\\/produkt\\\/der-offizielle-wm-song\\\/#primaryimage\"},\"image\":{\"@id\":\"https:\\\/\\\/www.emopunkrap.de\\\/shop\\\/produkt\\\/der-offizielle-wm-song\\\/#primaryimage\"},\"thumbnailUrl\":\"https:\\\/\\\/www.emopunkrap.de\\\/shop\\\/inner\\\/wp-content\\\/uploads\\\/2017\\\/07\\\/20150302_0005121.jpg\",\"datePublished\":\"2017-07-02T18:12:02+00:00\",\"dateModified\":\"2023-10-02T14:36:01+00:00\",\"breadcrumb\":{\"@id\":\"https:\\\/\\\/www.emopunkrap.de\\\/shop\\\/produkt\\\/der-offizielle-wm-song\\\/#breadcrumb\"},\"inLanguage\":\"de\",\"potentialAction\":[{\"@type\":\"ReadAction\",\"target\":[\"https:\\\/\\\/www.emopunkrap.de\\\/shop\\\/produkt\\\/der-offizielle-wm-song\\\/\"]}]},{\"@type\":\"ImageObject\",\"inLanguage\":\"de\",\"@id\":\"https:\\\/\\\/www.emopunkrap.de\\\/shop\\\/produkt\\\/der-offizielle-wm-song\\\/#primaryimage\",\"url\":\"https:\\\/\\\/www.emopunkrap.de\\\/shop\\\/inner\\\/wp-content\\\/uploads\\\/2017\\\/07\\\/20150302_0005121.jpg\",\"contentUrl\":\"https:\\\/\\\/www.emopunkrap.de\\\/shop\\\/inner\\\/wp-content\\\/uploads\\\/2017\\\/07\\\/20150302_0005121.jpg\",\"width\":980,\"height\":551},{\"@type\":\"BreadcrumbList\",\"@id\":\"https:\\\/\\\/www.emopunkrap.de\\\/shop\\\/produkt\\\/der-offizielle-wm-song\\\/#breadcrumb\",\"itemListElement\":[{\"@type\":\"ListItem\",\"position\":1,\"name\":\"Startseite\",\"item\":\"https:\\\/\\\/www.emopunkrap.de\\\/shop\\\/\"},{\"@type\":\"ListItem\",\"position\":2,\"name\":\"Shop\",\"item\":\"https:\\\/\\\/www.emopunkrap.de\\\/shop\\\/\"},{\"@type\":\"ListItem\",\"position\":3,\"name\":\"Der offizielle WM Song 2022 (CD)\"}]},{\"@type\":\"WebSite\",\"@id\":\"https:\\\/\\\/www.emopunkrap.de\\\/shop\\\/#website\",\"url\":\"https:\\\/\\\/www.emopunkrap.de\\\/shop\\\/\",\"name\":\"EPR Shop\",\"description\":\"\",\"potentialAction\":[{\"@type\":\"SearchAction\",\"target\":{\"@type\":\"EntryPoint\",\"urlTemplate\":\"https:\\\/\\\/www.emopunkrap.de\\\/shop\\\/?s={search_term_string}\"},\"query-input\":{\"@type\":\"PropertyValueSpecification\",\"valueRequired\":true,\"valueName\":\"search_term_string\"}}],\"inLanguage\":\"de\"}]}<\/script>\n<!-- \/ Yoast SEO plugin. -->","yoast_head_json":{"title":"Der offizielle WM Song 2022 (CD) | EPR Shop","robots":{"index":"index","follow":"follow","max-snippet":"max-snippet:-1","max-image-preview":"max-image-preview:large","max-video-preview":"max-video-preview:-1"},"canonical":"https:\/\/www.emopunkrap.de\/shop\/produkt\/der-offizielle-wm-song\/","og_locale":"de_DE","og_type":"article","og_title":"Der offizielle WM Song 2022 (CD) | EPR Shop","og_description":"Die CD-Version des Hitgaranten &#8220;Paul V\u00f6ller Fu\u00dfballgott&#8221; hier zum einmaligen Aktionspreis von nur 17,99\u20ac! Und der absolute Kn\u00fcller: F\u00fcr jedes&hellip;","og_url":"https:\/\/www.emopunkrap.de\/shop\/produkt\/der-offizielle-wm-song\/","og_site_name":"EPR Shop","article_modified_time":"2023-10-02T14:36:01+00:00","og_image":[{"width":980,"height":551,"url":"https:\/\/www.emopunkrap.de\/shop\/inner\/wp-content\/uploads\/2017\/07\/20150302_0005121.jpg","type":"image\/jpeg"}],"twitter_card":"summary_large_image","twitter_misc":{"Gesch\u00e4tzte Lesezeit":"1\u00a0Minute"},"schema":{"@context":"https:\/\/schema.org","@graph":[{"@type":"WebPage","@id":"https:\/\/www.emopunkrap.de\/shop\/produkt\/der-offizielle-wm-song\/","url":"https:\/\/www.emopunkrap.de\/shop\/produkt\/der-offizielle-wm-song\/","name":"Der offizielle WM Song 2022 (CD) | EPR Shop","isPartOf":{"@id":"https:\/\/www.emopunkrap.de\/shop\/#website"},"primaryImageOfPage":{"@id":"https:\/\/www.emopunkrap.de\/shop\/produkt\/der-offizielle-wm-song\/#primaryimage"},"image":{"@id":"https:\/\/www.emopunkrap.de\/shop\/produkt\/der-offizielle-wm-song\/#primaryimage"},"thumbnailUrl":"https:\/\/www.emopunkrap.de\/shop\/inner\/wp-content\/uploads\/2017\/07\/20150302_0005121.jpg","datePublished":"2017-07-02T18:12:02+00:00","dateModified":"2023-10-02T14:36:01+00:00","breadcrumb":{"@id":"https:\/\/www.emopunkrap.de\/shop\/produkt\/der-offizielle-wm-song\/#breadcrumb"},"inLanguage":"de","potentialAction":[{"@type":"ReadAction","target":["https:\/\/www.emopunkrap.de\/shop\/produkt\/der-offizielle-wm-song\/"]}]},{"@type":"ImageObject","inLanguage":"de","@id":"https:\/\/www.emopunkrap.de\/shop\/produkt\/der-offizielle-wm-song\/#primaryimage","url":"https:\/\/www.emopunkrap.de\/shop\/inner\/wp-content\/uploads\/2017\/07\/20150302_0005121.jpg","contentUrl":"https:\/\/www.emopunkrap.de\/shop\/inner\/wp-content\/uploads\/2017\/07\/20150302_0005121.jpg","width":980,"height":551},{"@type":"BreadcrumbList","@id":"https:\/\/www.emopunkrap.de\/shop\/produkt\/der-offizielle-wm-song\/#breadcrumb","itemListElement":[{"@type":"ListItem","position":1,"name":"Startseite","item":"https:\/\/www.emopunkrap.de\/shop\/"},{"@type":"ListItem","position":2,"name":"Shop","item":"https:\/\/www.emopunkrap.de\/shop\/"},{"@type":"ListItem","position":3,"name":"Der offizielle WM Song 2022 (CD)"}]},{"@type":"WebSite","@id":"https:\/\/www.emopunkrap.de\/shop\/#website","url":"https:\/\/www.emopunkrap.de\/shop\/","name":"EPR Shop","description":"","potentialAction":[{"@type":"SearchAction","target":{"@type":"EntryPoint","urlTemplate":"https:\/\/www.emopunkrap.de\/shop\/?s={search_term_string}"},"query-input":{"@type":"PropertyValueSpecification","valueRequired":true,"valueName":"search_term_string"}}],"inLanguage":"de"}]}},"_links":{"self":[{"href":"https:\/\/www.emopunkrap.de\/shop\/wp-json\/wp\/v2\/product\/238","targetHints":{"allow":["GET"]}}],"collection":[{"href":"https:\/\/www.emopunkrap.de\/shop\/wp-json\/wp\/v2\/product"}],"about":[{"href":"https:\/\/www.emopunkrap.de\/shop\/wp-json\/wp\/v2\/types\/product"}],"replies":[{"embeddable":true,"href":"https:\/\/www.emopunkrap.de\/shop\/wp-json\/wp\/v2\/comments?post=238"}],"wp:featuredmedia":[{"embeddable":true,"href":"https:\/\/www.emopunkrap.de\/shop\/wp-json\/wp\/v2\/media\/239"}],"wp:attachment":[{"href":"https:\/\/www.emopunkrap.de\/shop\/wp-json\/wp\/v2\/media?parent=238"}],"wp:term":[{"taxonomy":"product_brand","embeddable":true,"href":"https:\/\/www.emopunkrap.de\/shop\/wp-json\/wp\/v2\/product_brand?post=238"},{"taxonomy":"product_cat","embeddable":true,"href":"https:\/\/www.emopunkrap.de\/shop\/wp-json\/wp\/v2\/product_cat?post=238"},{"taxonomy":"product_tag","embeddable":true,"href":"https:\/\/www.emopunkrap.de\/shop\/wp-json\/wp\/v2\/product_tag?post=238"}],"curies":[{"name":"wp","href":"https:\/\/api.w.org\/{rel}","templated":true}]}}