{"id":1586,"date":"2020-01-19T15:34:01","date_gmt":"2020-01-19T14:34:01","guid":{"rendered":"https:\/\/www.emopunkrap.de\/shop\/?post_type=product&#038;p=1586"},"modified":"2022-09-23T19:08:00","modified_gmt":"2022-09-23T17:08:00","slug":"dsepr-poster","status":"publish","type":"product","link":"https:\/\/www.emopunkrap.de\/shop\/produkt\/dsepr-poster\/","title":{"rendered":"DSEPR Poster"},"content":{"rendered":"<p>DSEPR Logoposter in A1 (als w\u00e4re es Teer, eyyyyyyderboss)<\/p>\n<p>&nbsp;<\/p>\n<p><span style=\"color: #ff0000;\">ACHTUNG!<\/span><\/p>\n<p><span style=\"color: #ff0000;\">Da die Poster im Format A1 sind, ist es relativ problematisch (das hei\u00dft: teuer), sie gerollt zu verschicken. Daher bieten wir auch den gefalteten Versand an. Das ist g\u00fcnstiger, aber daf\u00fcr hat das Poster dann eben Knicke. Generell ist es ziemlich unwirtschaftlich, Poster zu verschicken, daher bestellt am besten noch unz\u00e4hlige andere Sachen dazu, damit es sich lohnt hehehehe<\/span><\/p>\n<p>&nbsp;<\/p>\n","protected":false},"excerpt":{"rendered":"<p>DSEPR Logoposter in A1 (als w\u00e4re es Teer, eyyyyyyderboss) &nbsp; ACHTUNG! Da die Poster im Format A1 sind, ist es&hellip;<\/p>\n","protected":false},"featured_media":1589,"comment_status":"open","ping_status":"closed","template":"","meta":{"_exactmetrics_skip_tracking":false,"_exactmetrics_sitenote_active":false,"_exactmetrics_sitenote_note":"","_exactmetrics_sitenote_category":0},"product_brand":[],"product_cat":[23,67],"product_tag":[],"class_list":{"0":"post-1586","1":"product","2":"type-product","3":"status-publish","4":"has-post-thumbnail","6":"product_cat-private-paul","7":"product_cat-verschiedenes","9":"first","10":"instock","11":"taxable","12":"shipping-taxable","13":"purchasable","14":"product-type-variable","15":"has-default-attributes"},"yoast_head":"<!-- This site is optimized with the Yoast SEO plugin v27.4 - https:\/\/yoast.com\/product\/yoast-seo-wordpress\/ -->\n<title>DSEPR Poster | EPR Shop<\/title>\n<meta name=\"robots\" content=\"index, follow, max-snippet:-1, max-image-preview:large, max-video-preview:-1\" \/>\n<link rel=\"canonical\" href=\"https:\/\/www.emopunkrap.de\/shop\/produkt\/dsepr-poster\/\" \/>\n<meta property=\"og:locale\" content=\"de_DE\" \/>\n<meta property=\"og:type\" content=\"article\" \/>\n<meta property=\"og:title\" content=\"DSEPR Poster | EPR Shop\" \/>\n<meta property=\"og:description\" content=\"DSEPR Logoposter in A1 (als w\u00e4re es Teer, eyyyyyyderboss) &nbsp; ACHTUNG! Da die Poster im Format A1 sind, ist es&hellip;\" \/>\n<meta property=\"og:url\" content=\"https:\/\/www.emopunkrap.de\/shop\/produkt\/dsepr-poster\/\" \/>\n<meta property=\"og:site_name\" content=\"EPR Shop\" \/>\n<meta property=\"article:modified_time\" content=\"2022-09-23T17:08:00+00:00\" \/>\n<meta property=\"og:image\" content=\"https:\/\/www.emopunkrap.de\/shop\/inner\/wp-content\/uploads\/2020\/01\/DSEPR-Poster-web.jpg\" \/>\n\t<meta property=\"og:image:width\" content=\"1000\" \/>\n\t<meta property=\"og:image:height\" content=\"1416\" \/>\n\t<meta property=\"og:image:type\" content=\"image\/jpeg\" \/>\n<meta name=\"twitter:card\" content=\"summary_large_image\" \/>\n<script type=\"application\/ld+json\" class=\"yoast-schema-graph\">{\"@context\":\"https:\\\/\\\/schema.org\",\"@graph\":[{\"@type\":\"WebPage\",\"@id\":\"https:\\\/\\\/www.emopunkrap.de\\\/shop\\\/produkt\\\/dsepr-poster\\\/\",\"url\":\"https:\\\/\\\/www.emopunkrap.de\\\/shop\\\/produkt\\\/dsepr-poster\\\/\",\"name\":\"DSEPR Poster | EPR Shop\",\"isPartOf\":{\"@id\":\"https:\\\/\\\/www.emopunkrap.de\\\/shop\\\/#website\"},\"primaryImageOfPage\":{\"@id\":\"https:\\\/\\\/www.emopunkrap.de\\\/shop\\\/produkt\\\/dsepr-poster\\\/#primaryimage\"},\"image\":{\"@id\":\"https:\\\/\\\/www.emopunkrap.de\\\/shop\\\/produkt\\\/dsepr-poster\\\/#primaryimage\"},\"thumbnailUrl\":\"https:\\\/\\\/www.emopunkrap.de\\\/shop\\\/inner\\\/wp-content\\\/uploads\\\/2020\\\/01\\\/DSEPR-Poster-web.jpg\",\"datePublished\":\"2020-01-19T14:34:01+00:00\",\"dateModified\":\"2022-09-23T17:08:00+00:00\",\"breadcrumb\":{\"@id\":\"https:\\\/\\\/www.emopunkrap.de\\\/shop\\\/produkt\\\/dsepr-poster\\\/#breadcrumb\"},\"inLanguage\":\"de\",\"potentialAction\":[{\"@type\":\"ReadAction\",\"target\":[\"https:\\\/\\\/www.emopunkrap.de\\\/shop\\\/produkt\\\/dsepr-poster\\\/\"]}]},{\"@type\":\"ImageObject\",\"inLanguage\":\"de\",\"@id\":\"https:\\\/\\\/www.emopunkrap.de\\\/shop\\\/produkt\\\/dsepr-poster\\\/#primaryimage\",\"url\":\"https:\\\/\\\/www.emopunkrap.de\\\/shop\\\/inner\\\/wp-content\\\/uploads\\\/2020\\\/01\\\/DSEPR-Poster-web.jpg\",\"contentUrl\":\"https:\\\/\\\/www.emopunkrap.de\\\/shop\\\/inner\\\/wp-content\\\/uploads\\\/2020\\\/01\\\/DSEPR-Poster-web.jpg\",\"width\":1000,\"height\":1416},{\"@type\":\"BreadcrumbList\",\"@id\":\"https:\\\/\\\/www.emopunkrap.de\\\/shop\\\/produkt\\\/dsepr-poster\\\/#breadcrumb\",\"itemListElement\":[{\"@type\":\"ListItem\",\"position\":1,\"name\":\"Startseite\",\"item\":\"https:\\\/\\\/www.emopunkrap.de\\\/shop\\\/\"},{\"@type\":\"ListItem\",\"position\":2,\"name\":\"Shop\",\"item\":\"https:\\\/\\\/www.emopunkrap.de\\\/shop\\\/\"},{\"@type\":\"ListItem\",\"position\":3,\"name\":\"DSEPR Poster\"}]},{\"@type\":\"WebSite\",\"@id\":\"https:\\\/\\\/www.emopunkrap.de\\\/shop\\\/#website\",\"url\":\"https:\\\/\\\/www.emopunkrap.de\\\/shop\\\/\",\"name\":\"EPR Shop\",\"description\":\"\",\"potentialAction\":[{\"@type\":\"SearchAction\",\"target\":{\"@type\":\"EntryPoint\",\"urlTemplate\":\"https:\\\/\\\/www.emopunkrap.de\\\/shop\\\/?s={search_term_string}\"},\"query-input\":{\"@type\":\"PropertyValueSpecification\",\"valueRequired\":true,\"valueName\":\"search_term_string\"}}],\"inLanguage\":\"de\"}]}<\/script>\n<!-- \/ Yoast SEO plugin. -->","yoast_head_json":{"title":"DSEPR Poster | EPR Shop","robots":{"index":"index","follow":"follow","max-snippet":"max-snippet:-1","max-image-preview":"max-image-preview:large","max-video-preview":"max-video-preview:-1"},"canonical":"https:\/\/www.emopunkrap.de\/shop\/produkt\/dsepr-poster\/","og_locale":"de_DE","og_type":"article","og_title":"DSEPR Poster | EPR Shop","og_description":"DSEPR Logoposter in A1 (als w\u00e4re es Teer, eyyyyyyderboss) &nbsp; ACHTUNG! Da die Poster im Format A1 sind, ist es&hellip;","og_url":"https:\/\/www.emopunkrap.de\/shop\/produkt\/dsepr-poster\/","og_site_name":"EPR Shop","article_modified_time":"2022-09-23T17:08:00+00:00","og_image":[{"width":1000,"height":1416,"url":"https:\/\/www.emopunkrap.de\/shop\/inner\/wp-content\/uploads\/2020\/01\/DSEPR-Poster-web.jpg","type":"image\/jpeg"}],"twitter_card":"summary_large_image","schema":{"@context":"https:\/\/schema.org","@graph":[{"@type":"WebPage","@id":"https:\/\/www.emopunkrap.de\/shop\/produkt\/dsepr-poster\/","url":"https:\/\/www.emopunkrap.de\/shop\/produkt\/dsepr-poster\/","name":"DSEPR Poster | EPR Shop","isPartOf":{"@id":"https:\/\/www.emopunkrap.de\/shop\/#website"},"primaryImageOfPage":{"@id":"https:\/\/www.emopunkrap.de\/shop\/produkt\/dsepr-poster\/#primaryimage"},"image":{"@id":"https:\/\/www.emopunkrap.de\/shop\/produkt\/dsepr-poster\/#primaryimage"},"thumbnailUrl":"https:\/\/www.emopunkrap.de\/shop\/inner\/wp-content\/uploads\/2020\/01\/DSEPR-Poster-web.jpg","datePublished":"2020-01-19T14:34:01+00:00","dateModified":"2022-09-23T17:08:00+00:00","breadcrumb":{"@id":"https:\/\/www.emopunkrap.de\/shop\/produkt\/dsepr-poster\/#breadcrumb"},"inLanguage":"de","potentialAction":[{"@type":"ReadAction","target":["https:\/\/www.emopunkrap.de\/shop\/produkt\/dsepr-poster\/"]}]},{"@type":"ImageObject","inLanguage":"de","@id":"https:\/\/www.emopunkrap.de\/shop\/produkt\/dsepr-poster\/#primaryimage","url":"https:\/\/www.emopunkrap.de\/shop\/inner\/wp-content\/uploads\/2020\/01\/DSEPR-Poster-web.jpg","contentUrl":"https:\/\/www.emopunkrap.de\/shop\/inner\/wp-content\/uploads\/2020\/01\/DSEPR-Poster-web.jpg","width":1000,"height":1416},{"@type":"BreadcrumbList","@id":"https:\/\/www.emopunkrap.de\/shop\/produkt\/dsepr-poster\/#breadcrumb","itemListElement":[{"@type":"ListItem","position":1,"name":"Startseite","item":"https:\/\/www.emopunkrap.de\/shop\/"},{"@type":"ListItem","position":2,"name":"Shop","item":"https:\/\/www.emopunkrap.de\/shop\/"},{"@type":"ListItem","position":3,"name":"DSEPR Poster"}]},{"@type":"WebSite","@id":"https:\/\/www.emopunkrap.de\/shop\/#website","url":"https:\/\/www.emopunkrap.de\/shop\/","name":"EPR Shop","description":"","potentialAction":[{"@type":"SearchAction","target":{"@type":"EntryPoint","urlTemplate":"https:\/\/www.emopunkrap.de\/shop\/?s={search_term_string}"},"query-input":{"@type":"PropertyValueSpecification","valueRequired":true,"valueName":"search_term_string"}}],"inLanguage":"de"}]}},"_links":{"self":[{"href":"https:\/\/www.emopunkrap.de\/shop\/wp-json\/wp\/v2\/product\/1586","targetHints":{"allow":["GET"]}}],"collection":[{"href":"https:\/\/www.emopunkrap.de\/shop\/wp-json\/wp\/v2\/product"}],"about":[{"href":"https:\/\/www.emopunkrap.de\/shop\/wp-json\/wp\/v2\/types\/product"}],"replies":[{"embeddable":true,"href":"https:\/\/www.emopunkrap.de\/shop\/wp-json\/wp\/v2\/comments?post=1586"}],"wp:featuredmedia":[{"embeddable":true,"href":"https:\/\/www.emopunkrap.de\/shop\/wp-json\/wp\/v2\/media\/1589"}],"wp:attachment":[{"href":"https:\/\/www.emopunkrap.de\/shop\/wp-json\/wp\/v2\/media?parent=1586"}],"wp:term":[{"taxonomy":"product_brand","embeddable":true,"href":"https:\/\/www.emopunkrap.de\/shop\/wp-json\/wp\/v2\/product_brand?post=1586"},{"taxonomy":"product_cat","embeddable":true,"href":"https:\/\/www.emopunkrap.de\/shop\/wp-json\/wp\/v2\/product_cat?post=1586"},{"taxonomy":"product_tag","embeddable":true,"href":"https:\/\/www.emopunkrap.de\/shop\/wp-json\/wp\/v2\/product_tag?post=1586"}],"curies":[{"name":"wp","href":"https:\/\/api.w.org\/{rel}","templated":true}]}}